{"id":1181,"date":"2023-09-22T02:27:39","date_gmt":"2023-09-22T02:27:39","guid":{"rendered":"https:\/\/grupocamachos.com\/menu\/?post_type=product&#038;p=1181"},"modified":"2026-01-27T14:09:52","modified_gmt":"2026-01-27T14:09:52","slug":"papas-orgasmic-2","status":"publish","type":"product","link":"https:\/\/grupocamachos.com\/menu\/producto\/papas-orgasmic-2\/","title":{"rendered":"PAPAS ORGASMIC"},"content":{"rendered":"<p>Ultra crocantes papas a la francesa, acompa\u00f1adas de lomito de res, salchicha alemana, pollo desmechado, nuestra inconfundible t\u00e1rtara, full queso coste\u00f1o, ma\u00edz salteado, y pi\u00f1a.<\/p>\n","protected":false},"excerpt":{"rendered":"<p>Ultra crocantes papas a la francesa, acompa\u00f1adas de lomito de res, salchicha alemana, pollo desmechado, nuestra inconfundible t\u00e1rtara, full queso coste\u00f1o, ma\u00edz salteado, y pi\u00f1a.<\/p>\n","protected":false},"featured_media":1702,"comment_status":"closed","ping_status":"closed","template":"","meta":[],"product_brand":[],"product_cat":[29],"product_tag":[49,48,51],"class_list":{"0":"post-1181","1":"product","2":"type-product","3":"status-publish","4":"has-post-thumbnail","6":"product_cat-papas","7":"product_tag-barranquilla","8":"product_tag-noventaytres","9":"product_tag-ochentaycinco","10":"entry","12":"first","13":"instock","14":"shipping-taxable","15":"purchasable","16":"product-type-simple"},"_links":{"self":[{"href":"https:\/\/grupocamachos.com\/menu\/wp-json\/wp\/v2\/product\/1181","targetHints":{"allow":["GET"]}}],"collection":[{"href":"https:\/\/grupocamachos.com\/menu\/wp-json\/wp\/v2\/product"}],"about":[{"href":"https:\/\/grupocamachos.com\/menu\/wp-json\/wp\/v2\/types\/product"}],"replies":[{"embeddable":true,"href":"https:\/\/grupocamachos.com\/menu\/wp-json\/wp\/v2\/comments?post=1181"}],"version-history":[{"count":4,"href":"https:\/\/grupocamachos.com\/menu\/wp-json\/wp\/v2\/product\/1181\/revisions"}],"predecessor-version":[{"id":1842,"href":"https:\/\/grupocamachos.com\/menu\/wp-json\/wp\/v2\/product\/1181\/revisions\/1842"}],"wp:featuredmedia":[{"embeddable":true,"href":"https:\/\/grupocamachos.com\/menu\/wp-json\/wp\/v2\/media\/1702"}],"wp:attachment":[{"href":"https:\/\/grupocamachos.com\/menu\/wp-json\/wp\/v2\/media?parent=1181"}],"wp:term":[{"taxonomy":"product_brand","embeddable":true,"href":"https:\/\/grupocamachos.com\/menu\/wp-json\/wp\/v2\/product_brand?post=1181"},{"taxonomy":"product_cat","embeddable":true,"href":"https:\/\/grupocamachos.com\/menu\/wp-json\/wp\/v2\/product_cat?post=1181"},{"taxonomy":"product_tag","embeddable":true,"href":"https:\/\/grupocamachos.com\/menu\/wp-json\/wp\/v2\/product_tag?post=1181"}],"curies":[{"name":"wp","href":"https:\/\/api.w.org\/{rel}","templated":true}]}}