{"id":1253,"date":"2023-10-12T14:09:45","date_gmt":"2023-10-12T14:09:45","guid":{"rendered":"https:\/\/grupocamachos.com\/menu\/?post_type=product&#038;p=1253"},"modified":"2025-07-31T21:07:42","modified_gmt":"2025-07-31T21:07:42","slug":"cocktail-monster-copia","status":"publish","type":"product","link":"https:\/\/grupocamachos.com\/menu\/producto\/cocktail-monster-copia\/","title":{"rendered":"COCKTAIL MONSTER"},"content":{"rendered":"<p>Notas c\u00edtricas de maracuy\u00e1 con tequila Don Julio Blanco Reposado, zumo de lim\u00f3n y un toque de curazao azul, har\u00e1n rugir tus sentidos y despertar tu lado m\u00e1s fuerte.<\/p>\n","protected":false},"excerpt":{"rendered":"<p>Notas c\u00edtricas de maracuy\u00e1 con tequila Don Julio Blanco Reposado, zumo de lim\u00f3n y un toque de curazao azul, har\u00e1n rugir tus sentidos y despertar tu lado m\u00e1s fuerte.<\/p>\n","protected":false},"featured_media":265,"comment_status":"closed","ping_status":"closed","template":"","meta":[],"product_brand":[],"product_cat":[32],"product_tag":[49,48,51],"class_list":{"0":"post-1253","1":"product","2":"type-product","3":"status-publish","4":"has-post-thumbnail","6":"product_cat-cocteles","7":"product_tag-barranquilla","8":"product_tag-noventaytres","9":"product_tag-ochentaycinco","10":"entry","12":"first","13":"instock","14":"shipping-taxable","15":"purchasable","16":"product-type-simple"},"_links":{"self":[{"href":"https:\/\/grupocamachos.com\/menu\/wp-json\/wp\/v2\/product\/1253","targetHints":{"allow":["GET"]}}],"collection":[{"href":"https:\/\/grupocamachos.com\/menu\/wp-json\/wp\/v2\/product"}],"about":[{"href":"https:\/\/grupocamachos.com\/menu\/wp-json\/wp\/v2\/types\/product"}],"replies":[{"embeddable":true,"href":"https:\/\/grupocamachos.com\/menu\/wp-json\/wp\/v2\/comments?post=1253"}],"version-history":[{"count":4,"href":"https:\/\/grupocamachos.com\/menu\/wp-json\/wp\/v2\/product\/1253\/revisions"}],"predecessor-version":[{"id":1883,"href":"https:\/\/grupocamachos.com\/menu\/wp-json\/wp\/v2\/product\/1253\/revisions\/1883"}],"wp:featuredmedia":[{"embeddable":true,"href":"https:\/\/grupocamachos.com\/menu\/wp-json\/wp\/v2\/media\/265"}],"wp:attachment":[{"href":"https:\/\/grupocamachos.com\/menu\/wp-json\/wp\/v2\/media?parent=1253"}],"wp:term":[{"taxonomy":"product_brand","embeddable":true,"href":"https:\/\/grupocamachos.com\/menu\/wp-json\/wp\/v2\/product_brand?post=1253"},{"taxonomy":"product_cat","embeddable":true,"href":"https:\/\/grupocamachos.com\/menu\/wp-json\/wp\/v2\/product_cat?post=1253"},{"taxonomy":"product_tag","embeddable":true,"href":"https:\/\/grupocamachos.com\/menu\/wp-json\/wp\/v2\/product_tag?post=1253"}],"curies":[{"name":"wp","href":"https:\/\/api.w.org\/{rel}","templated":true}]}}