{"id":1565,"date":"2024-10-03T15:36:45","date_gmt":"2024-10-03T15:36:45","guid":{"rendered":"https:\/\/grupocamachos.com\/menu\/?post_type=product&#038;p=1565"},"modified":"2026-01-27T14:31:58","modified_gmt":"2026-01-27T14:31:58","slug":"la-primera-2","status":"publish","type":"product","link":"https:\/\/grupocamachos.com\/menu\/producto\/la-primera-2\/","title":{"rendered":"REDMEFIR"},"content":{"rendered":"<p>Fresh de jarabe en flor de jamaica, combinaci\u00f3n c\u00edtrica y refrescante entre zumo de lim\u00f3n y ginger, cubitos de manzana roja, verde y fresa, cobertura de sal, para que te la tomes con calma mi pez.<\/p>\n","protected":false},"excerpt":{"rendered":"<p>Fresh de jarabe en flor de jamaica, combinaci\u00f3n c\u00edtrica y refrescante entre zumo de lim\u00f3n y ginger, cubitos de manzana roja, verde y fresa, cobertura de sal, para que te la tomes con calma mi pez.<\/p>\n","protected":false},"featured_media":1561,"comment_status":"closed","ping_status":"closed","template":"","meta":[],"product_brand":[],"product_cat":[46],"product_tag":[49,37,48,51],"class_list":{"0":"post-1565","1":"product","2":"type-product","3":"status-publish","4":"has-post-thumbnail","6":"product_cat-sodas","7":"product_tag-barranquilla","8":"product_tag-bogota","9":"product_tag-noventaytres","10":"product_tag-ochentaycinco","11":"entry","13":"first","14":"instock","15":"shipping-taxable","16":"purchasable","17":"product-type-simple"},"_links":{"self":[{"href":"https:\/\/grupocamachos.com\/menu\/wp-json\/wp\/v2\/product\/1565","targetHints":{"allow":["GET"]}}],"collection":[{"href":"https:\/\/grupocamachos.com\/menu\/wp-json\/wp\/v2\/product"}],"about":[{"href":"https:\/\/grupocamachos.com\/menu\/wp-json\/wp\/v2\/types\/product"}],"replies":[{"embeddable":true,"href":"https:\/\/grupocamachos.com\/menu\/wp-json\/wp\/v2\/comments?post=1565"}],"version-history":[{"count":2,"href":"https:\/\/grupocamachos.com\/menu\/wp-json\/wp\/v2\/product\/1565\/revisions"}],"predecessor-version":[{"id":1571,"href":"https:\/\/grupocamachos.com\/menu\/wp-json\/wp\/v2\/product\/1565\/revisions\/1571"}],"wp:featuredmedia":[{"embeddable":true,"href":"https:\/\/grupocamachos.com\/menu\/wp-json\/wp\/v2\/media\/1561"}],"wp:attachment":[{"href":"https:\/\/grupocamachos.com\/menu\/wp-json\/wp\/v2\/media?parent=1565"}],"wp:term":[{"taxonomy":"product_brand","embeddable":true,"href":"https:\/\/grupocamachos.com\/menu\/wp-json\/wp\/v2\/product_brand?post=1565"},{"taxonomy":"product_cat","embeddable":true,"href":"https:\/\/grupocamachos.com\/menu\/wp-json\/wp\/v2\/product_cat?post=1565"},{"taxonomy":"product_tag","embeddable":true,"href":"https:\/\/grupocamachos.com\/menu\/wp-json\/wp\/v2\/product_tag?post=1565"}],"curies":[{"name":"wp","href":"https:\/\/api.w.org\/{rel}","templated":true}]}}