{"id":1725,"date":"2025-07-31T13:55:46","date_gmt":"2025-07-31T13:55:46","guid":{"rendered":"https:\/\/grupocamachos.com\/menu\/?post_type=product&#038;p=1725"},"modified":"2026-02-23T16:09:29","modified_gmt":"2026-02-23T16:09:29","slug":"la-rocky-doble-necar-2","status":"publish","type":"product","link":"https:\/\/grupocamachos.com\/menu\/producto\/la-rocky-doble-necar-2\/","title":{"rendered":"LA ROCKY DOBLE CARNE"},"content":{"rendered":"<p>Doble carne angus a la brasa, queso Alvah Reynolds, doble tocineta ahumada, cebolla crunch, chutney de ar\u00e1ndanos y blueberries, vegetales frescos, t\u00e1rtara untadita en nuestro aut\u00e9ntico pan brioche, Esta es La Rocky, forjada en el fuego, y cargada de mucho power (No incluye papas).<\/p>\n","protected":false},"excerpt":{"rendered":"<p>Doble carne angus a la brasa, queso Alvah Reynolds, doble tocineta ahumada, cebolla crunch, chutney de ar\u00e1ndanos y blueberries, vegetales frescos, t\u00e1rtara untadita en nuestro aut\u00e9ntico pan brioche, Esta es La Rocky, forjada en el fuego, y cargada de mucho power (No incluye papas).<\/p>\n","protected":false},"featured_media":1712,"comment_status":"closed","ping_status":"closed","template":"","meta":[],"product_brand":[],"product_cat":[19],"product_tag":[49,37,48,51],"class_list":{"0":"post-1725","1":"product","2":"type-product","3":"status-publish","4":"has-post-thumbnail","6":"product_cat-hamburguesas","7":"product_tag-barranquilla","8":"product_tag-bogota","9":"product_tag-noventaytres","10":"product_tag-ochentaycinco","11":"entry","13":"first","14":"instock","15":"shipping-taxable","16":"purchasable","17":"product-type-simple"},"_links":{"self":[{"href":"https:\/\/grupocamachos.com\/menu\/wp-json\/wp\/v2\/product\/1725","targetHints":{"allow":["GET"]}}],"collection":[{"href":"https:\/\/grupocamachos.com\/menu\/wp-json\/wp\/v2\/product"}],"about":[{"href":"https:\/\/grupocamachos.com\/menu\/wp-json\/wp\/v2\/types\/product"}],"replies":[{"embeddable":true,"href":"https:\/\/grupocamachos.com\/menu\/wp-json\/wp\/v2\/comments?post=1725"}],"version-history":[{"count":8,"href":"https:\/\/grupocamachos.com\/menu\/wp-json\/wp\/v2\/product\/1725\/revisions"}],"predecessor-version":[{"id":2105,"href":"https:\/\/grupocamachos.com\/menu\/wp-json\/wp\/v2\/product\/1725\/revisions\/2105"}],"wp:featuredmedia":[{"embeddable":true,"href":"https:\/\/grupocamachos.com\/menu\/wp-json\/wp\/v2\/media\/1712"}],"wp:attachment":[{"href":"https:\/\/grupocamachos.com\/menu\/wp-json\/wp\/v2\/media?parent=1725"}],"wp:term":[{"taxonomy":"product_brand","embeddable":true,"href":"https:\/\/grupocamachos.com\/menu\/wp-json\/wp\/v2\/product_brand?post=1725"},{"taxonomy":"product_cat","embeddable":true,"href":"https:\/\/grupocamachos.com\/menu\/wp-json\/wp\/v2\/product_cat?post=1725"},{"taxonomy":"product_tag","embeddable":true,"href":"https:\/\/grupocamachos.com\/menu\/wp-json\/wp\/v2\/product_tag?post=1725"}],"curies":[{"name":"wp","href":"https:\/\/api.w.org\/{rel}","templated":true}]}}