{"id":1869,"date":"2025-07-31T20:33:54","date_gmt":"2025-07-31T20:33:54","guid":{"rendered":"https:\/\/grupocamachos.com\/menu\/?post_type=product&#038;p=1869"},"modified":"2026-01-27T03:21:48","modified_gmt":"2026-01-27T03:21:48","slug":"platanitos","status":"publish","type":"product","link":"https:\/\/grupocamachos.com\/menu\/producto\/platanitos\/","title":{"rendered":"PLATANITOS"},"content":{"rendered":"<p>Crocantes platanitos acompa\u00f1ados de nuestra inconfundible t\u00e1rtara, pi\u00f1a, y full queso coste\u00f1o.<\/p>\n","protected":false},"excerpt":{"rendered":"<p>Crocantes platanitos acompa\u00f1ados de nuestra inconfundible t\u00e1rtara, pi\u00f1a, y full queso coste\u00f1o.<\/p>\n","protected":false},"featured_media":1872,"comment_status":"closed","ping_status":"closed","template":"","meta":[],"product_brand":[],"product_cat":[31],"product_tag":[49,40,48,51,39],"class_list":{"0":"post-1869","1":"product","2":"type-product","3":"status-publish","4":"has-post-thumbnail","6":"product_cat-entradas","7":"product_tag-barranquilla","8":"product_tag-canaveral","9":"product_tag-noventaytres","10":"product_tag-ochentaycinco","11":"product_tag-prado","12":"entry","14":"first","15":"instock","16":"shipping-taxable","17":"purchasable","18":"product-type-simple"},"_links":{"self":[{"href":"https:\/\/grupocamachos.com\/menu\/wp-json\/wp\/v2\/product\/1869","targetHints":{"allow":["GET"]}}],"collection":[{"href":"https:\/\/grupocamachos.com\/menu\/wp-json\/wp\/v2\/product"}],"about":[{"href":"https:\/\/grupocamachos.com\/menu\/wp-json\/wp\/v2\/types\/product"}],"replies":[{"embeddable":true,"href":"https:\/\/grupocamachos.com\/menu\/wp-json\/wp\/v2\/comments?post=1869"}],"version-history":[{"count":1,"href":"https:\/\/grupocamachos.com\/menu\/wp-json\/wp\/v2\/product\/1869\/revisions"}],"predecessor-version":[{"id":1871,"href":"https:\/\/grupocamachos.com\/menu\/wp-json\/wp\/v2\/product\/1869\/revisions\/1871"}],"wp:featuredmedia":[{"embeddable":true,"href":"https:\/\/grupocamachos.com\/menu\/wp-json\/wp\/v2\/media\/1872"}],"wp:attachment":[{"href":"https:\/\/grupocamachos.com\/menu\/wp-json\/wp\/v2\/media?parent=1869"}],"wp:term":[{"taxonomy":"product_brand","embeddable":true,"href":"https:\/\/grupocamachos.com\/menu\/wp-json\/wp\/v2\/product_brand?post=1869"},{"taxonomy":"product_cat","embeddable":true,"href":"https:\/\/grupocamachos.com\/menu\/wp-json\/wp\/v2\/product_cat?post=1869"},{"taxonomy":"product_tag","embeddable":true,"href":"https:\/\/grupocamachos.com\/menu\/wp-json\/wp\/v2\/product_tag?post=1869"}],"curies":[{"name":"wp","href":"https:\/\/api.w.org\/{rel}","templated":true}]}}