{"id":1930,"date":"2025-08-01T15:46:58","date_gmt":"2025-08-01T15:46:58","guid":{"rendered":"https:\/\/grupocamachos.com\/menu\/?post_type=product&#038;p=1930"},"modified":"2026-02-03T15:32:54","modified_gmt":"2026-02-03T15:32:54","slug":"la-kobe-bomb","status":"publish","type":"product","link":"https:\/\/grupocamachos.com\/menu\/producto\/la-kobe-bomb\/","title":{"rendered":"LA KOBE BOMB"},"content":{"rendered":"<p>220 grms de jugosa carne AMERICAN WAGYU, doble queso smoke cheddar, nuestro aut\u00e9ntico pan brioche y la t\u00e1rtara con m\u00e1s power de Colombia (Opcional).<br \/>\nMenos es m\u00e1s cuando tienes en tus manos la carne m\u00e1s poderosa del mundo.<\/p>\n","protected":false},"excerpt":{"rendered":"<p>220 grms de jugosa carne AMERICAN WAGYU, doble queso smoke cheddar, nuestro aut\u00e9ntico pan brioche y la t\u00e1rtara con m\u00e1s power de Colombia (Opcional).<br \/>\nMenos es m\u00e1s cuando tienes en tus manos la carne m\u00e1s poderosa del mundo.<\/p>\n","protected":false},"featured_media":1686,"comment_status":"closed","ping_status":"closed","template":"","meta":[],"product_brand":[],"product_cat":[19],"product_tag":[49,40,48,51,39],"class_list":{"0":"post-1930","1":"product","2":"type-product","3":"status-publish","4":"has-post-thumbnail","6":"product_cat-hamburguesas","7":"product_tag-barranquilla","8":"product_tag-canaveral","9":"product_tag-noventaytres","10":"product_tag-ochentaycinco","11":"product_tag-prado","12":"entry","14":"first","15":"instock","16":"shipping-taxable","17":"purchasable","18":"product-type-simple"},"_links":{"self":[{"href":"https:\/\/grupocamachos.com\/menu\/wp-json\/wp\/v2\/product\/1930","targetHints":{"allow":["GET"]}}],"collection":[{"href":"https:\/\/grupocamachos.com\/menu\/wp-json\/wp\/v2\/product"}],"about":[{"href":"https:\/\/grupocamachos.com\/menu\/wp-json\/wp\/v2\/types\/product"}],"replies":[{"embeddable":true,"href":"https:\/\/grupocamachos.com\/menu\/wp-json\/wp\/v2\/comments?post=1930"}],"version-history":[{"count":3,"href":"https:\/\/grupocamachos.com\/menu\/wp-json\/wp\/v2\/product\/1930\/revisions"}],"predecessor-version":[{"id":2056,"href":"https:\/\/grupocamachos.com\/menu\/wp-json\/wp\/v2\/product\/1930\/revisions\/2056"}],"wp:featuredmedia":[{"embeddable":true,"href":"https:\/\/grupocamachos.com\/menu\/wp-json\/wp\/v2\/media\/1686"}],"wp:attachment":[{"href":"https:\/\/grupocamachos.com\/menu\/wp-json\/wp\/v2\/media?parent=1930"}],"wp:term":[{"taxonomy":"product_brand","embeddable":true,"href":"https:\/\/grupocamachos.com\/menu\/wp-json\/wp\/v2\/product_brand?post=1930"},{"taxonomy":"product_cat","embeddable":true,"href":"https:\/\/grupocamachos.com\/menu\/wp-json\/wp\/v2\/product_cat?post=1930"},{"taxonomy":"product_tag","embeddable":true,"href":"https:\/\/grupocamachos.com\/menu\/wp-json\/wp\/v2\/product_tag?post=1930"}],"curies":[{"name":"wp","href":"https:\/\/api.w.org\/{rel}","templated":true}]}}