{"id":1996,"date":"2025-10-06T19:37:53","date_gmt":"2025-10-06T19:37:53","guid":{"rendered":"https:\/\/grupocamachos.com\/menu\/?post_type=product&#038;p=1996"},"modified":"2025-10-07T18:54:35","modified_gmt":"2025-10-07T18:54:35","slug":"combo-tiny","status":"publish","type":"product","link":"https:\/\/grupocamachos.com\/menu\/producto\/combo-tiny\/","title":{"rendered":"COMBO TINY"},"content":{"rendered":"<p>Tiny burger + papas ultra crocantes + agua Brisa saborizada manzana 280 ml + Alpinito.<br \/>\nPeque\u00f1o en tama\u00f1o, gigante en diversi\u00f3n.<\/p>\n","protected":false},"excerpt":{"rendered":"<p>Tiny burger + papas ultra crocantes + agua Brisa saborizada manzana 280 ml + Alpinito.<br \/>\nPeque\u00f1o en tama\u00f1o, gigante en diversi\u00f3n.<\/p>\n","protected":false},"featured_media":1998,"comment_status":"closed","ping_status":"closed","template":"","meta":[],"product_brand":[],"product_cat":[19],"product_tag":[49,38,40,48,39],"class_list":{"0":"post-1996","1":"product","2":"type-product","3":"status-publish","4":"has-post-thumbnail","6":"product_cat-hamburguesas","7":"product_tag-barranquilla","8":"product_tag-cabecera","9":"product_tag-canaveral","10":"product_tag-noventaytres","11":"product_tag-prado","12":"entry","14":"first","15":"instock","16":"shipping-taxable","17":"purchasable","18":"product-type-simple"},"_links":{"self":[{"href":"https:\/\/grupocamachos.com\/menu\/wp-json\/wp\/v2\/product\/1996","targetHints":{"allow":["GET"]}}],"collection":[{"href":"https:\/\/grupocamachos.com\/menu\/wp-json\/wp\/v2\/product"}],"about":[{"href":"https:\/\/grupocamachos.com\/menu\/wp-json\/wp\/v2\/types\/product"}],"replies":[{"embeddable":true,"href":"https:\/\/grupocamachos.com\/menu\/wp-json\/wp\/v2\/comments?post=1996"}],"version-history":[{"count":2,"href":"https:\/\/grupocamachos.com\/menu\/wp-json\/wp\/v2\/product\/1996\/revisions"}],"predecessor-version":[{"id":1999,"href":"https:\/\/grupocamachos.com\/menu\/wp-json\/wp\/v2\/product\/1996\/revisions\/1999"}],"wp:featuredmedia":[{"embeddable":true,"href":"https:\/\/grupocamachos.com\/menu\/wp-json\/wp\/v2\/media\/1998"}],"wp:attachment":[{"href":"https:\/\/grupocamachos.com\/menu\/wp-json\/wp\/v2\/media?parent=1996"}],"wp:term":[{"taxonomy":"product_brand","embeddable":true,"href":"https:\/\/grupocamachos.com\/menu\/wp-json\/wp\/v2\/product_brand?post=1996"},{"taxonomy":"product_cat","embeddable":true,"href":"https:\/\/grupocamachos.com\/menu\/wp-json\/wp\/v2\/product_cat?post=1996"},{"taxonomy":"product_tag","embeddable":true,"href":"https:\/\/grupocamachos.com\/menu\/wp-json\/wp\/v2\/product_tag?post=1996"}],"curies":[{"name":"wp","href":"https:\/\/api.w.org\/{rel}","templated":true}]}}