{"id":2133,"date":"2026-04-27T00:16:44","date_gmt":"2026-04-27T00:16:44","guid":{"rendered":"https:\/\/grupocamachos.com\/menu\/?post_type=product&#038;p=2133"},"modified":"2026-04-27T19:44:14","modified_gmt":"2026-04-27T19:44:14","slug":"la-copa-doble-carne-no-incluye-papas","status":"publish","type":"product","link":"https:\/\/grupocamachos.com\/menu\/producto\/la-copa-doble-carne-no-incluye-papas\/","title":{"rendered":"LA COPA DOBLE CARNE"},"content":{"rendered":"<p>Doble carne Angus a la brasa, queso cheddar, doble tocineta ahumada, mermelada de tomate uvalina, crema de queso artesanal, bastones de platanitos crocantes, cogollo y nuestro aut\u00e9ntico pan brioche untadito de la t\u00e1rtara con m\u00e1s power de Colombia (No incluye papas).<\/p>\n","protected":false},"excerpt":{"rendered":"<p>Doble carne Angus a la brasa, queso cheddar, doble tocineta ahumada, mermelada de tomate uvalina, crema de queso artesanal, bastones de platanitos crocantes, cogollo y nuestro aut\u00e9ntico pan brioche untadito de la t\u00e1rtara con m\u00e1s power de Colombia (No incluye papas).<\/p>\n","protected":false},"featured_media":2131,"comment_status":"closed","ping_status":"closed","template":"","meta":[],"product_brand":[],"product_cat":[19],"product_tag":[49,37,48,51],"class_list":{"0":"post-2133","1":"product","2":"type-product","3":"status-publish","4":"has-post-thumbnail","6":"product_cat-hamburguesas","7":"product_tag-barranquilla","8":"product_tag-bogota","9":"product_tag-noventaytres","10":"product_tag-ochentaycinco","11":"entry","13":"first","14":"instock","15":"shipping-taxable","16":"purchasable","17":"product-type-simple"},"_links":{"self":[{"href":"https:\/\/grupocamachos.com\/menu\/wp-json\/wp\/v2\/product\/2133","targetHints":{"allow":["GET"]}}],"collection":[{"href":"https:\/\/grupocamachos.com\/menu\/wp-json\/wp\/v2\/product"}],"about":[{"href":"https:\/\/grupocamachos.com\/menu\/wp-json\/wp\/v2\/types\/product"}],"replies":[{"embeddable":true,"href":"https:\/\/grupocamachos.com\/menu\/wp-json\/wp\/v2\/comments?post=2133"}],"version-history":[{"count":3,"href":"https:\/\/grupocamachos.com\/menu\/wp-json\/wp\/v2\/product\/2133\/revisions"}],"predecessor-version":[{"id":2143,"href":"https:\/\/grupocamachos.com\/menu\/wp-json\/wp\/v2\/product\/2133\/revisions\/2143"}],"wp:featuredmedia":[{"embeddable":true,"href":"https:\/\/grupocamachos.com\/menu\/wp-json\/wp\/v2\/media\/2131"}],"wp:attachment":[{"href":"https:\/\/grupocamachos.com\/menu\/wp-json\/wp\/v2\/media?parent=2133"}],"wp:term":[{"taxonomy":"product_brand","embeddable":true,"href":"https:\/\/grupocamachos.com\/menu\/wp-json\/wp\/v2\/product_brand?post=2133"},{"taxonomy":"product_cat","embeddable":true,"href":"https:\/\/grupocamachos.com\/menu\/wp-json\/wp\/v2\/product_cat?post=2133"},{"taxonomy":"product_tag","embeddable":true,"href":"https:\/\/grupocamachos.com\/menu\/wp-json\/wp\/v2\/product_tag?post=2133"}],"curies":[{"name":"wp","href":"https:\/\/api.w.org\/{rel}","templated":true}]}}