{"id":38,"date":"2022-09-07T14:20:05","date_gmt":"2022-09-07T14:20:05","guid":{"rendered":"https:\/\/grupocamachos.com\/menu\/?post_type=product&#038;p=38"},"modified":"2026-02-23T16:12:32","modified_gmt":"2026-02-23T16:12:32","slug":"pawer-burger","status":"publish","type":"product","link":"https:\/\/grupocamachos.com\/menu\/producto\/pawer-burger\/","title":{"rendered":"LA POWER BURGER"},"content":{"rendered":"<p>Carne angus a la brasa, queso doble crema, lonjas de maduro frito, ralladura de queso salado, 100 gramos de una jugosa pierna de cerdo desmechada en cocci\u00f3n lenta por 10 horas en demi glace de sus propios jugos, chorizo mixto ahumado ba\u00f1ado en mermelada de pimientos CHARALE\u00d1OS, tomate rojo, cogollo europeo y finalizamos con nuestro aut\u00e9ntico, delicioso, suave pero resistente pan brioche untadito de la poderosa salsa t\u00e1rtara CAMACHO&#8217;S.<\/p>\n","protected":false},"excerpt":{"rendered":"<p>Carne angus a la brasa, queso doble crema, lonjas de maduro frito, ralladura de queso salado, 100 gramos de una jugosa pierna de cerdo desmechada en cocci\u00f3n lenta por 10 horas en demi glace de sus propios jugos, chorizo mixto ahumado ba\u00f1ado en mermelada de pimientos CHARALE\u00d1OS, tomate rojo, cogollo europeo y finalizamos con nuestro aut\u00e9ntico, delicioso, suave pero resistente pan brioche untadito de la poderosa salsa t\u00e1rtara CAMACHO&#8217;S.<\/p>\n","protected":false},"featured_media":1709,"comment_status":"closed","ping_status":"closed","template":"","meta":[],"product_brand":[],"product_cat":[19],"product_tag":[38,41,40,39],"class_list":{"0":"post-38","1":"product","2":"type-product","3":"status-publish","4":"has-post-thumbnail","6":"product_cat-hamburguesas","7":"product_tag-cabecera","8":"product_tag-cacique","9":"product_tag-canaveral","10":"product_tag-prado","11":"entry","13":"first","14":"instock","15":"shipping-taxable","16":"purchasable","17":"product-type-simple"},"_links":{"self":[{"href":"https:\/\/grupocamachos.com\/menu\/wp-json\/wp\/v2\/product\/38","targetHints":{"allow":["GET"]}}],"collection":[{"href":"https:\/\/grupocamachos.com\/menu\/wp-json\/wp\/v2\/product"}],"about":[{"href":"https:\/\/grupocamachos.com\/menu\/wp-json\/wp\/v2\/types\/product"}],"replies":[{"embeddable":true,"href":"https:\/\/grupocamachos.com\/menu\/wp-json\/wp\/v2\/comments?post=38"}],"version-history":[{"count":12,"href":"https:\/\/grupocamachos.com\/menu\/wp-json\/wp\/v2\/product\/38\/revisions"}],"predecessor-version":[{"id":2116,"href":"https:\/\/grupocamachos.com\/menu\/wp-json\/wp\/v2\/product\/38\/revisions\/2116"}],"wp:featuredmedia":[{"embeddable":true,"href":"https:\/\/grupocamachos.com\/menu\/wp-json\/wp\/v2\/media\/1709"}],"wp:attachment":[{"href":"https:\/\/grupocamachos.com\/menu\/wp-json\/wp\/v2\/media?parent=38"}],"wp:term":[{"taxonomy":"product_brand","embeddable":true,"href":"https:\/\/grupocamachos.com\/menu\/wp-json\/wp\/v2\/product_brand?post=38"},{"taxonomy":"product_cat","embeddable":true,"href":"https:\/\/grupocamachos.com\/menu\/wp-json\/wp\/v2\/product_cat?post=38"},{"taxonomy":"product_tag","embeddable":true,"href":"https:\/\/grupocamachos.com\/menu\/wp-json\/wp\/v2\/product_tag?post=38"}],"curies":[{"name":"wp","href":"https:\/\/api.w.org\/{rel}","templated":true}]}}