{"id":475,"date":"2022-09-08T13:45:39","date_gmt":"2022-09-08T13:45:39","guid":{"rendered":"https:\/\/grupocamachos.com\/menu\/?post_type=product&#038;p=475"},"modified":"2025-07-31T21:22:54","modified_gmt":"2025-07-31T21:22:54","slug":"margarita-orgasmic","status":"publish","type":"product","link":"https:\/\/grupocamachos.com\/menu\/producto\/margarita-orgasmic\/","title":{"rendered":"MARGARITA ORGASMIC"},"content":{"rendered":"<p>Esta margarita es especial, nos traslada a M\u00e9xico con sus notas de taj\u00edn y chamoy, equilibrada con Don Julio Blanco que hace una composici\u00f3n perfecta.<\/p>\n","protected":false},"excerpt":{"rendered":"<p>Esta margarita es especial, nos traslada a M\u00e9xico con sus notas de taj\u00edn y chamoy, equilibrada con Don Julio Blanco que hace una composici\u00f3n perfecta.<\/p>\n","protected":false},"featured_media":271,"comment_status":"closed","ping_status":"closed","template":"","meta":[],"product_brand":[],"product_cat":[32],"product_tag":[38,40,39],"class_list":{"0":"post-475","1":"product","2":"type-product","3":"status-publish","4":"has-post-thumbnail","6":"product_cat-cocteles","7":"product_tag-cabecera","8":"product_tag-canaveral","9":"product_tag-prado","10":"entry","12":"first","13":"instock","14":"shipping-taxable","15":"purchasable","16":"product-type-simple"},"_links":{"self":[{"href":"https:\/\/grupocamachos.com\/menu\/wp-json\/wp\/v2\/product\/475","targetHints":{"allow":["GET"]}}],"collection":[{"href":"https:\/\/grupocamachos.com\/menu\/wp-json\/wp\/v2\/product"}],"about":[{"href":"https:\/\/grupocamachos.com\/menu\/wp-json\/wp\/v2\/types\/product"}],"replies":[{"embeddable":true,"href":"https:\/\/grupocamachos.com\/menu\/wp-json\/wp\/v2\/comments?post=475"}],"version-history":[{"count":3,"href":"https:\/\/grupocamachos.com\/menu\/wp-json\/wp\/v2\/product\/475\/revisions"}],"predecessor-version":[{"id":1888,"href":"https:\/\/grupocamachos.com\/menu\/wp-json\/wp\/v2\/product\/475\/revisions\/1888"}],"wp:featuredmedia":[{"embeddable":true,"href":"https:\/\/grupocamachos.com\/menu\/wp-json\/wp\/v2\/media\/271"}],"wp:attachment":[{"href":"https:\/\/grupocamachos.com\/menu\/wp-json\/wp\/v2\/media?parent=475"}],"wp:term":[{"taxonomy":"product_brand","embeddable":true,"href":"https:\/\/grupocamachos.com\/menu\/wp-json\/wp\/v2\/product_brand?post=475"},{"taxonomy":"product_cat","embeddable":true,"href":"https:\/\/grupocamachos.com\/menu\/wp-json\/wp\/v2\/product_cat?post=475"},{"taxonomy":"product_tag","embeddable":true,"href":"https:\/\/grupocamachos.com\/menu\/wp-json\/wp\/v2\/product_tag?post=475"}],"curies":[{"name":"wp","href":"https:\/\/api.w.org\/{rel}","templated":true}]}}