{"id":477,"date":"2022-09-08T13:46:43","date_gmt":"2022-09-08T13:46:43","guid":{"rendered":"https:\/\/grupocamachos.com\/menu\/?post_type=product&#038;p=477"},"modified":"2025-07-31T21:30:57","modified_gmt":"2025-07-31T21:30:57","slug":"moscow-mule","status":"publish","type":"product","link":"https:\/\/grupocamachos.com\/menu\/producto\/moscow-mule\/","title":{"rendered":"MOSCOW MULE"},"content":{"rendered":"<p>Excelente combinaci\u00f3n de vodka SMIRNOFF, con un alm\u00edbar de jengibre y un toque un poco picante (c\u00f3ctel).<\/p>\n","protected":false},"excerpt":{"rendered":"<p>Excelente combinaci\u00f3n de vodka SMIRNOFF, con un alm\u00edbar de jengibre y un toque un poco picante (c\u00f3ctel).<\/p>\n","protected":false},"featured_media":272,"comment_status":"closed","ping_status":"closed","template":"","meta":[],"product_brand":[],"product_cat":[32],"product_tag":[38,40,39],"class_list":{"0":"post-477","1":"product","2":"type-product","3":"status-publish","4":"has-post-thumbnail","6":"product_cat-cocteles","7":"product_tag-cabecera","8":"product_tag-canaveral","9":"product_tag-prado","10":"entry","12":"first","13":"instock","14":"shipping-taxable","15":"purchasable","16":"product-type-simple"},"_links":{"self":[{"href":"https:\/\/grupocamachos.com\/menu\/wp-json\/wp\/v2\/product\/477","targetHints":{"allow":["GET"]}}],"collection":[{"href":"https:\/\/grupocamachos.com\/menu\/wp-json\/wp\/v2\/product"}],"about":[{"href":"https:\/\/grupocamachos.com\/menu\/wp-json\/wp\/v2\/types\/product"}],"replies":[{"embeddable":true,"href":"https:\/\/grupocamachos.com\/menu\/wp-json\/wp\/v2\/comments?post=477"}],"version-history":[{"count":3,"href":"https:\/\/grupocamachos.com\/menu\/wp-json\/wp\/v2\/product\/477\/revisions"}],"predecessor-version":[{"id":1892,"href":"https:\/\/grupocamachos.com\/menu\/wp-json\/wp\/v2\/product\/477\/revisions\/1892"}],"wp:featuredmedia":[{"embeddable":true,"href":"https:\/\/grupocamachos.com\/menu\/wp-json\/wp\/v2\/media\/272"}],"wp:attachment":[{"href":"https:\/\/grupocamachos.com\/menu\/wp-json\/wp\/v2\/media?parent=477"}],"wp:term":[{"taxonomy":"product_brand","embeddable":true,"href":"https:\/\/grupocamachos.com\/menu\/wp-json\/wp\/v2\/product_brand?post=477"},{"taxonomy":"product_cat","embeddable":true,"href":"https:\/\/grupocamachos.com\/menu\/wp-json\/wp\/v2\/product_cat?post=477"},{"taxonomy":"product_tag","embeddable":true,"href":"https:\/\/grupocamachos.com\/menu\/wp-json\/wp\/v2\/product_tag?post=477"}],"curies":[{"name":"wp","href":"https:\/\/api.w.org\/{rel}","templated":true}]}}