{"id":481,"date":"2022-09-08T13:49:29","date_gmt":"2022-09-08T13:49:29","guid":{"rendered":"https:\/\/grupocamachos.com\/menu\/?post_type=product&#038;p=481"},"modified":"2025-07-31T21:15:10","modified_gmt":"2025-07-31T21:15:10","slug":"gin-power","status":"publish","type":"product","link":"https:\/\/grupocamachos.com\/menu\/producto\/gin-power\/","title":{"rendered":"GIN POWER"},"content":{"rendered":"<p>C\u00f3ctel drink, perfil arom\u00e1tico, herbal, ligero garnish c\u00edtrico.<\/p>\n","protected":false},"excerpt":{"rendered":"<p>C\u00f3ctel drink, perfil arom\u00e1tico, herbal, ligero garnish c\u00edtrico.<\/p>\n","protected":false},"featured_media":274,"comment_status":"closed","ping_status":"closed","template":"","meta":[],"product_brand":[],"product_cat":[32],"product_tag":[38,40,39],"class_list":{"0":"post-481","1":"product","2":"type-product","3":"status-publish","4":"has-post-thumbnail","6":"product_cat-cocteles","7":"product_tag-cabecera","8":"product_tag-canaveral","9":"product_tag-prado","10":"entry","12":"first","13":"instock","14":"shipping-taxable","15":"purchasable","16":"product-type-simple"},"_links":{"self":[{"href":"https:\/\/grupocamachos.com\/menu\/wp-json\/wp\/v2\/product\/481","targetHints":{"allow":["GET"]}}],"collection":[{"href":"https:\/\/grupocamachos.com\/menu\/wp-json\/wp\/v2\/product"}],"about":[{"href":"https:\/\/grupocamachos.com\/menu\/wp-json\/wp\/v2\/types\/product"}],"replies":[{"embeddable":true,"href":"https:\/\/grupocamachos.com\/menu\/wp-json\/wp\/v2\/comments?post=481"}],"version-history":[{"count":2,"href":"https:\/\/grupocamachos.com\/menu\/wp-json\/wp\/v2\/product\/481\/revisions"}],"predecessor-version":[{"id":1029,"href":"https:\/\/grupocamachos.com\/menu\/wp-json\/wp\/v2\/product\/481\/revisions\/1029"}],"wp:featuredmedia":[{"embeddable":true,"href":"https:\/\/grupocamachos.com\/menu\/wp-json\/wp\/v2\/media\/274"}],"wp:attachment":[{"href":"https:\/\/grupocamachos.com\/menu\/wp-json\/wp\/v2\/media?parent=481"}],"wp:term":[{"taxonomy":"product_brand","embeddable":true,"href":"https:\/\/grupocamachos.com\/menu\/wp-json\/wp\/v2\/product_brand?post=481"},{"taxonomy":"product_cat","embeddable":true,"href":"https:\/\/grupocamachos.com\/menu\/wp-json\/wp\/v2\/product_cat?post=481"},{"taxonomy":"product_tag","embeddable":true,"href":"https:\/\/grupocamachos.com\/menu\/wp-json\/wp\/v2\/product_tag?post=481"}],"curies":[{"name":"wp","href":"https:\/\/api.w.org\/{rel}","templated":true}]}}