{"id":842,"date":"2023-01-28T21:14:02","date_gmt":"2023-01-28T21:14:02","guid":{"rendered":"https:\/\/grupocamachos.com\/menu\/?post_type=product&#038;p=842"},"modified":"2026-02-03T16:03:37","modified_gmt":"2026-02-03T16:03:37","slug":"orgasmic-copia","status":"publish","type":"product","link":"https:\/\/grupocamachos.com\/menu\/producto\/orgasmic-copia\/","title":{"rendered":"LA ORGASMIC"},"content":{"rendered":"<p>Carne angus a la brasa, queso cheddar, doble tocineta ahumada, esta gomelada de burger est\u00e1 invadida de nuestra salsa original Org\u00e1smica insignia de la casa, tomate rojo, cogollo europeo, cebolla grill\u00e9 y arropando esta majestuosa obra, nuestro pan artesanal brioche untadito de la poderosa salsa t\u00e1rtara CAMACHO\u00b4S.<\/p>\n","protected":false},"excerpt":{"rendered":"<p>Carne angus a la brasa, queso cheddar, doble tocineta ahumada, esta gomelada de burger est\u00e1 invadida de nuestra salsa original Org\u00e1smica insignia de la casa, tomate rojo, cogollo europeo, cebolla grill\u00e9 y arropando esta majestuosa obra, nuestro pan artesanal brioche untadito de la poderosa salsa t\u00e1rtara CAMACHO\u00b4S.<\/p>\n","protected":false},"featured_media":1696,"comment_status":"closed","ping_status":"closed","template":"","meta":[],"product_brand":[],"product_cat":[19],"product_tag":[38,41,40,39],"class_list":{"0":"post-842","1":"product","2":"type-product","3":"status-publish","4":"has-post-thumbnail","6":"product_cat-hamburguesas","7":"product_tag-cabecera","8":"product_tag-cacique","9":"product_tag-canaveral","10":"product_tag-prado","11":"entry","13":"first","14":"instock","15":"shipping-taxable","16":"purchasable","17":"product-type-simple"},"_links":{"self":[{"href":"https:\/\/grupocamachos.com\/menu\/wp-json\/wp\/v2\/product\/842","targetHints":{"allow":["GET"]}}],"collection":[{"href":"https:\/\/grupocamachos.com\/menu\/wp-json\/wp\/v2\/product"}],"about":[{"href":"https:\/\/grupocamachos.com\/menu\/wp-json\/wp\/v2\/types\/product"}],"replies":[{"embeddable":true,"href":"https:\/\/grupocamachos.com\/menu\/wp-json\/wp\/v2\/comments?post=842"}],"version-history":[{"count":9,"href":"https:\/\/grupocamachos.com\/menu\/wp-json\/wp\/v2\/product\/842\/revisions"}],"predecessor-version":[{"id":2073,"href":"https:\/\/grupocamachos.com\/menu\/wp-json\/wp\/v2\/product\/842\/revisions\/2073"}],"wp:featuredmedia":[{"embeddable":true,"href":"https:\/\/grupocamachos.com\/menu\/wp-json\/wp\/v2\/media\/1696"}],"wp:attachment":[{"href":"https:\/\/grupocamachos.com\/menu\/wp-json\/wp\/v2\/media?parent=842"}],"wp:term":[{"taxonomy":"product_brand","embeddable":true,"href":"https:\/\/grupocamachos.com\/menu\/wp-json\/wp\/v2\/product_brand?post=842"},{"taxonomy":"product_cat","embeddable":true,"href":"https:\/\/grupocamachos.com\/menu\/wp-json\/wp\/v2\/product_cat?post=842"},{"taxonomy":"product_tag","embeddable":true,"href":"https:\/\/grupocamachos.com\/menu\/wp-json\/wp\/v2\/product_tag?post=842"}],"curies":[{"name":"wp","href":"https:\/\/api.w.org\/{rel}","templated":true}]}}